{"id":4438,"date":"2023-11-20T12:43:31","date_gmt":"2023-11-20T12:43:31","guid":{"rendered":"https:\/\/balticindustrial.com\/privatumo-politika\/"},"modified":"2024-06-13T10:06:43","modified_gmt":"2024-06-13T10:06:43","slug":"privatumo-politika","status":"publish","type":"page","link":"https:\/\/balticindustrial.com\/lt\/privatumo-politika\/","title":{"rendered":"Privatumo politika"},"content":{"rendered":"<h2><strong>I. <strong>S\u0105vokos:<\/strong><\/strong><\/h2>\n<ul>\n<li style=\"list-style-type: none;\"> <\/li>\n<li><strong>Svetain\u0117<\/strong> \u2013 \u201eBALTIC INDUSTRIAL\u201c bendrov\u0117s, teikian\u010dios technologi\u0161kai pa\u017eangius sprendimus pramoninei technikai, svetain\u0117, pasiekiama internetiniu adresu www.balticindustrial.com.<\/li>\n<\/ul>\n<ul>\n<li style=\"list-style-type: none;\"> <\/li>\n<li><strong>BALTIC INDUSTRIAL<\/strong>:<\/li>\n<li style=\"list-style-type: none;\"> <\/li>\n<li style=\"list-style-type: none;\">\n<ul>\n<li>Lietuvoje: UAB \u201eBaltic industrial\u201c, juridinio asmens kodas 302576147, buvein\u0117s adresas \u2013 Moz\u016bri\u0161ki\u0173 g. 31-A4, 06298 Vilnius. <\/li>\n<\/ul>\n<\/li>\n<\/ul>\n<ul>\n<li style=\"list-style-type: none;\">\n<ul>\n<li>Latvijoje: Baltic Industrial SIA, juridinio asmens kodas 40103570532, buvein\u0117s adresas &#8211; Smiltnieku iela 2, Marupe 2167.<\/li>\n<\/ul>\n<\/li>\n<\/ul>\n<ul>\n<li style=\"list-style-type: none;\">\n<ul>\n<li>Estijoje: Baltic Industrial O\u00dc, juridinio asmens kodas 11974538, buvein\u0117s adresas &#8211; Allika tee 12, Peetri k\u00fcla, Rae vald, Harjumaa 75312.<\/li>\n<\/ul>\n<\/li>\n<\/ul>\n<ul>\n<li style=\"list-style-type: none;\">\n<ul>\n<li>Kontaktai: el.pa\u0161tas welcome@balticindustrial.com, tel. +372 682 9000. +372 682 9000.<\/li>\n<\/ul>\n<\/li>\n<\/ul>\n<ul>\n<li><strong>Vartotojas <\/strong> \u2013 bet kuris fizinis ir juridinis asmuo, kuris naudojasi Svetaine.<\/li>\n<\/ul>\n<ul>\n<li><strong>Prek\u0117s ir Paslaugos<\/strong> \u2013 BALTIC INDUSTRIAL Svetain\u0117je si\u016blomos prek\u0117s ir paslaugos susijusios su elektros generatori\u0173, pramonini\u0173 varikli\u0173 ir \u017ealiosios energijos sprendim\u0173 pardavimu, aptarnavimu ir prie\u017ei\u016bra. \u0160ios prek\u0117s ir paslaugos gali b\u016bti nuolatos atnaujinamos, papildomos ar kei\u010diamos Svetain\u0117je, ir visada s\u0105voka Prek\u0117s ir Paslaugos apims visas tokias prekes ir paslaugas, nurodytas Svetain\u0117je. <\/li>\n<\/ul>\n<ul>\n<li><strong>Partneriai <\/strong> \u2013 yra laikomi tokie juridiniai asmenys, su kuriais BALTIC INDUSTRIAL bendradarbiauja, tiekdama Prekes ir Paslaugas Svetain\u0117je.<\/li>\n<\/ul>\n<ul>\n<li><strong>Slapukas <\/strong> \u2013 nedidelis failas, kuris siun\u010diamas \u012f \u012frengin\u012f, bet kuriam asmeniui besilankant Svetain\u0117je.<\/li>\n<\/ul>\n<ul>\n<li><strong>Nar\u0161ykl\u0117 <\/strong> \u2013 programa, skirta atvaizduoti internetinius puslapius (tinklalapius) \u017einiatinklyje, asmeniniame kompiuteryje ar mobiliajame \u012frenginyje.<\/li>\n<\/ul>\n<ul>\n<li><strong>Asmens duomenys<\/strong> \u2013 bet kuri informacija, susijusi su fiziniu asmeniu \u2013 duomen\u0173 subjektu, kurio tapatyb\u0117 yra \u017einoma arba gali b\u016bti tiesiogiai ar netiesiogiai nustatyta pasinaudojant tokiais duomenimis kaip vardas, pavard\u0117, asmens kodas, buvimo vieta, vienas arba keli asmeniui b\u016bdingi fizinio, fiziologinio, psichologinio, ekonominio, kult\u016brinio ar socialinio pob\u016bd\u017eio po\u017eymiai.<\/li>\n<\/ul>\n<ul>\n<li><strong>Asmens duomen\u0173 gav\u0117jas<\/strong> \u2013 juridinis ar fizinis asmuo, kuriam teikiami asmens duomenys, \u012fskaitant Partnerius.<\/li>\n<\/ul>\n<ul>\n<li><strong>Privatumo politika<\/strong> \u2013 \u0161is dokumentas, kuriame yra numatytos pagrindin\u0117s asmens duomen\u0173 ir kitos svarbios informacijos rinkimo, kaupimo, tvarkymo ir laikymo taisykl\u0117s, naudojantis Svetaine.<\/li>\n<\/ul>\n<ul>\n<li><strong>\u012estatymas <\/strong> \u2013 nacionalinis duomen\u0173 apsaugos teis\u0117s aktas.<\/li>\n<\/ul>\n<ul>\n<li><strong>Bendrieji reikalavimai<\/strong> \u2013 2016 m. baland\u017eio 27 d. Europos Parlamento ir Tarybos reglamentas (ES) 2016\/679 d\u0117l fizini\u0173 asmen\u0173 apsaugos tvarkant asmens duomenis ir d\u0117l laisvo toki\u0173 duomen\u0173 jud\u0117jimo ir kuriuo panaikinama Direktyva 95\/46\/EB (Bendrasis duomen\u0173 apsaugos reglamentas) <\/li>\n<\/ul>\n<ul>\n<li><strong>Svetain\u0117s administratorius <\/strong> \u2013 u\u017e Svetain\u0117s administravim\u0105 atsakingas asmuo.<\/li>\n<\/ul>\n<ul>\n<li><strong>IP adresas<\/strong> \u2013 kiekvienam prie interneto prijungtam kompiuteriui priskirtas unikalus numeris, kuris \u017einomas kaip interneto protokolo (IP) adresas. Kadangi \u0161ie numeriai paprastai priskiriami pagal \u0161alies blokus, IP adresas gali b\u016bti da\u017enai naudojamas \u0161aliai, kurioje kompiuteris prijungiamas prie interneto, identifikuoti. <\/li>\n<\/ul>\n<h2><strong>II. <strong>Bendrosios nuostatos<\/strong><\/strong><\/h2>\n<ul>\n<li style=\"list-style-type: none;\"> <\/li>\n<li>Svetain\u0117s Privatumo politikoje yra numatytos pagrindin\u0117s asmens duomen\u0173 ir kitos asmeniui svarbios informacijos rinkimo, kaupimo ir j\u0173 tvarkymo taisykl\u0117s Vartotojui naudojantis Svetaine bei u\u017esakant Svetain\u0117je tiekiamas Prekes ir Paslaugas.<\/li>\n<\/ul>\n<ul>\n<li>Privatumo politika skirta apsaugoti ir ginti Svetain\u0117s Vartotoj\u0173 ir\/ar Naudotoj\u0173 asmens ir kitus duomenis nuo neteis\u0117to naudojimo.<\/li>\n<\/ul>\n<ul>\n<li>Vartotojai laikomi susipa\u017ein\u0119 su \u0161ia Privatumo politika, kai jie patvirtina sutikim\u0105 www.balticindustrial.com tinklalapyje d\u0117l naudojam\u0173 slapuk\u0173, kai j\u0105 gauna elektroniniu pa\u0161tu u\u017esiprenumerav\u0119 naujienlai\u0161k\u012f, taip pat u\u017esakydami Prekes ir Paslaugas. Su \u0161iuo Svetain\u0117s dokumentu galite susipa\u017einti bet kuriuo metu Svetain\u0117je, taip pat j\u012f galite parsisi\u0173sti ir atsispausdinti i\u0161 pa\u010dios Svetain\u0117s. <\/li>\n<\/ul>\n<ul>\n<li>\u0160i Privatumo politika taikoma visais atvejais, kai BALTIC INDUSTRIAL gauna asmens duomenis d\u0117l to, kad Vartotojas u\u017esako ir\/ar \u012fgyja per Svetain\u0119 Prekes ir Paslaugas bei atsiradus bet kokiems kitiems tarpusavio santykiams tarp duomen\u0173 subjekto ir BALTIC INDUSTRIAL. Vartotojai tur\u0117t\u0173 atkreipti d\u0117mes\u012f, kad jiems u\u017esisakius Prekes ir Paslaugas, kurias teikia BALTIC INDUSTRIAL Partneriai, j\u0173 Asmens duomen\u0173 apsaugai papildomai gali b\u016bti taikomos Partneri\u0173 Privatumo politikos, u\u017e kurias BALTIC INDUSTRIAL neatsako. Taip pat BALTIC INDUSTRIAL nor\u0117t\u0173 atkreipti d\u0117mes\u012f, kad Svetain\u0117je yra nuorod\u0173 \u012f kit\u0173 asmen\u0173, \u012fmoni\u0173 ar organizacij\u0173 interneto tinklalapius, ir kad BALTIC INDUSTRIAL n\u0117ra atsakinga u\u017e toki\u0173 interneto tinklalapi\u0173 turin\u012f ir\/ar j\u0173 naudojamus privatumo politikos u\u017etikrinimo metodus, tod\u0117l, prie\u0161 pateikdamas koki\u0105 nors informacij\u0105 apie save, Vartotojas tur\u0117t\u0173 susipa\u017einti su atitinkamo interneto tinklalapio taisykl\u0117mis, privatumo politika ir kitais dokumentais.  <\/li>\n<\/ul>\n<h2><strong>III. <strong>Asmens duomen\u0173 rinkimas ir saugojimas<\/strong><\/strong><\/h2>\n<ul>\n<li style=\"list-style-type: none;\"> <\/li>\n<li>Priklausomai nuo Vartotojo u\u017esakom\u0173 konkre\u010di\u0173 Preki\u0173 ir Paslaug\u0173 pob\u016bd\u017eio ar esant darbiniams santykiams su BALTIC INDUSTRIAL, yra renkami ir saugomi \u0161ie Asmens duomenys: vardas, pavard\u0117, asmens kodas, gimimo data, gyvenamoji vieta, pilietyb\u0117, telefono numeris, asmens tapatyb\u0117s kortel\u0117s (paso) numeris, i\u0161davimo data ir vieta, elektroninio pa\u0161to adresas, IP adresas.<\/li>\n<\/ul>\n<ul>\n<li>Naudojantis Svetaine \u012f Vartotojo kompiuter\u012f yra \u012fra\u0161omi Slapukai, skirti rinkti statistinei lankomumo informacijai, u\u017etikrinti Preki\u0173 tiekimo ir Paslaug\u0173 kokyb\u0119 ir efektyv\u0173 naudojim\u0105si Svetaine. Detali informacija apie Slapukus yra automati\u0161kai atnaujinama kart\u0105 per m\u0117nes\u012f sutikim\u0173 valdymo platformos CookieBot. Informacija apie slapukus ir slapuk\u0173 s\u0105ra\u0161as:<br \/>\n\n\n<script id=\"CookiePolicy\" src=\"https:\/\/consent.cookiebot.com\/f6212b43-698f-4fa0-a102-bf86fab17607\/cd.js\" type=\"text\/javascript\" data-culture=\"lt\" async><\/script>\n\n\n<\/li>\n<\/ul>\n<ul>\n<li>Vartotojas i\u0161rei\u0161kia savo i\u0161ankstin\u012f laisvanori\u0161k\u0105 sutikim\u0105 leisti BALTIC INDUSTRIAL \u012fra\u0161yti slapukus spausdamas mygtuk\u0105\u201eLEISTI VISUS\u201c, \u201eLEISTI PA\u017dYM\u0116TUS\u201c ar \u201eTIK B\u016aTINI\u201c Svetain\u0117s puslapio apa\u010dioje i\u0161kylan\u010dioje slapuk\u0173 juostoje.<\/li>\n<li>Nar\u0161ykl\u0117s nustatymais j\u016bs galite i\u0161trinti arba blokuoti visus \u0161iuos Slapukus, bet tokiu atveju dalis Svetain\u0117s gali neveikti.<\/li>\n<\/ul>\n<h2><strong>IV. <strong>Asmens duomen\u0173 tvarkymo tikslai<\/strong><\/strong><\/h2>\n<p>BALTIC INDUSTRIAL tvarko Asmens duomenis \u0161iais tikslais:<\/p>\n<ul>\n<li>Svetain\u0117s Preki\u0173 ir Paslaug\u0173 u\u017esakymo tikslais. Nor\u0117damas u\u017esisakyti Svetain\u0117je si\u016blomas Prekes ir Paslaugas Vartotojas turi pateikti Asmens duomenis tiek, kiek reikia konkre\u010diai Prekei ir Paslaugai u\u017esakyti. <\/li>\n<li>Efektyvaus Preki\u0173 ir Paslaug\u0173, si\u016blom\u0173 Svetain\u0117je, tiekimo tikslais. BALTIC INDUSTRIAL r\u016bpinasi, jog Svetain\u0117je si\u016blomos Paslaugos bei j\u0173 u\u017esakymas b\u016bt\u0173 efektyvus, taip pat kad b\u016bt\u0173 galima i\u0161vengti asmens tapatyb\u0117s vagyst\u0117s atvej\u0173. <\/li>\n<li>Norint u\u017etikrinti nuolatin\u012f Svetain\u0117s Preki\u0173 ir Paslaug\u0173 tobulinim\u0105 ir vystym\u0105, bei pateikti Vartotojui kuo geresnius Preki\u0173 ir Paslaug\u0173 pasi\u016blymus BALTIC INDUSTRIAL turi teis\u0119 naudoti Asmens duomenis ir rinkodaros tikslais, kai Vartotojas i\u0161rei\u0161kia savo sutikim\u0105 (pvz., pa\u017eym\u0117damas atitinkam\u0105 laukel\u012f varnele, u\u017esisak\u0119s naujienlai\u0161k\u012f ir kt.).<\/li>\n<li>Tiesiogin\u0117s rinkodaros tikslais BALTIC INDUSTRIAL renka \u0161iuos asmens duomenis: asmens vard\u0105, elektronin\u012f pa\u0161t\u0105. Sutikimas, kad Asmens duomenys b\u016bt\u0173 naudojami rinkodaros tikslais, i\u0161rei\u0161kiamas pa\u017eymint atitinkam\u0105 laukel\u012f varnele. <\/li>\n<\/ul>\n<p>Visi asmens duomenys renkami tiesiogin\u0117s rinkodaros ir kitais tikslais atitinka \u012estatymo ir Bendr\u0173j\u0173 reikalavim\u0173 nuostatas. Administruodamas Svetain\u0119 ir diagnozuodamas galimus sutrikimus, Svetain\u0117s administratorius gali naudoti Vartotoj\u0173 ir\/ar naudotoj\u0173 IP adresus Vartotojas ir\/ar Naudotojas bet kada gali at\u0161aukti \u0161\u012f savo sutikim\u0105 atsi\u0173sdamas elektronin\u012f lai\u0161k\u0105 Svetain\u0117s administratoriui welcome@balticindustrial.com.  <\/p>\n<h2><strong>V. <strong>Paskyros<\/strong><\/strong><\/h2>\n<p>BALTIC INDUSTRIAL Paskyros yra nuorodos tam tikruose internetiniuose puslapiuose, kuriuose gali b\u016bti talpinama ta pati informacija, kaip ir Svetain\u0117je, nes BALTIC INDUSTRIAL yra tiek Svetain\u0117s, tiek Paskyr\u0173 valdytojas. Svetain\u0117s Paskyr\u0173 naudotojams taikoma to internetinio puslapio, kuriame yra BALTIC INDUSTRIAL Paskyra, Privatumo politika ir to puslapio taisykl\u0117s, taip pat \u0161i Privatumo politika ir kitos Svetain\u0117je publikuojamos BALTIC INDUSTRIAL taikytinos taisykl\u0117s. <\/p>\n<p>BALTIC INDUSTRIAL turi Paskyras Facebook, Instagram ir LinkedIn socialiniuose tinkluose.<\/p>\n<h2><strong>VI. <strong>Asmens duomen\u0173 teikimas<\/strong><\/strong><\/h2>\n<p>BALTIC INDUSTRIAL informuoja, jog neperduoda nei atlygintinai, nei neatlygintinai ar kitokiu b\u016bdu neatskleid\u017eia Asmens duomen\u0173 tretiesiems asmenims, esantiems Europos S\u0105jungos \u0161alyse ir kitose u\u017esienio valstyb\u0117se, i\u0161skyrus \u017eemiau nurodytus atvejus:<\/p>\n<ol>\n<li>jei yra Vartotojo ir\/ar Naudotojo sutikimas;<\/li>\n<li>tiekiant Svetain\u0117je si\u016blomas Prekes ir Paslaugas \u2013 Partneriams arba \u012fgaliotiems tretiesiems asmenims, kurie tvarko Asmens duomenis BALTIC INDUSTRIAL pavedimu \u0161ioje Privatumo politikoje nurodytais tikslais, pavyzd\u017eiui, mok\u0117jim\u0173 atlikimas, Preki\u0173 ir Paslaug\u0173 u\u017esakymas ir pan.;<\/li>\n<li>teis\u0117saugos institucijoms pagal nacionalini\u0173 teis\u0117s akt\u0173 numatyt\u0105 tvark\u0105;.<\/li>\n<\/ol>\n<h2><strong>VII. <strong>Asmens duomen\u0173 koregavimas, papildymas ir i\u0161trynimas<\/strong><\/strong><\/h2>\n<ul>\n<li>Vartotojas suteikia teis\u0119 BALTIC INDUSTRIAL rinkti, valdyti, tvarkyti ir saugoti Vartotojo asmens duomenis tokia apimtimi ir tokiais tikslais, kaip numatyta Privatumo politikoje ir kituose Svetain\u0117s dokumentuose. Vartotojas turi teis\u0119 at\u0161aukti savo leidim\u0105 BALTIC INDUSTRIAL rinkti, valdyti ir tvarkyti jo Asmens duomenis, reikalauti panaikinti asmens duomenis bet kuriuo metu. Sutikimo rinkti, valdyti ir tvarkyti Vartotojo asmens duomenis davimas ar at\u0161aukimas galioja tik \u012f priek\u012f. BALTIC INDUSTRIAL, i\u0161 Vartotojo gavusi tok\u012f prane\u0161im\u0105, nedelsiant sustabdo to asmens duomen\u0173 tvarkym\u0105, ta\u010diau tai nerei\u0161kia, kad BALTIC INDUSTRIAL turi i\u0161trinti\/sunaikinti Asmens duomenis, jeigu turi pagrind\u0105 juos saugoti.   <\/li>\n<li>Vartotojas turi teis\u0119 susipa\u017einti su savo asmens duomenimis. Siekdamas su\u017einoti, kokius asmens duomenis BALTIC INDUSTRIAL surinko ir i\u0161 koki\u0173 \u0161altini\u0173, kokiais tikslais jie tvarkomi, kokiems gav\u0117jams jie teikiami ir buvo teikti, Vartotojas turi i\u0161 anksto kreiptis \u012f BALTIC INDUSTRIAL el. pa\u0161to adresu, nurodytu \u0161ioje Privatumo politikoje. BALTIC INDUSTRIAL \u012fgyvendina Vartotojo teis\u0119 susipa\u017einti su tvarkomais asmens duomenimis per 30 kalendorini\u0173 dien\u0173 nuo Vartotojo pra\u0161ymo gavimo.  <\/li>\n<li>Jeigu susipa\u017ein\u0119s su savo asmens duomenimis Vartotojas nustato, kad asmens duomenys yra neteisingi, nei\u0161sam\u016bs ar netiksl\u016bs, turi teis\u0119 kreiptis \u012f BALTIC INDUSTRIAL elektroniniu pa\u0161to adresu, pra\u0161ydamas i\u0161taisyti neteisingus, nei\u0161samius, netikslius asmens duomenis ir (arba) sustabdyti toki\u0173 asmens duomen\u0173 tvarkymo veiksmus. Asmens duomenys taisomi ir naikinami arba j\u0173 tvarkymo veiksmai sustabdomi pagal duomen\u0173 subjekto tapatyb\u0119 ir jo asmens duomenis patvirtinan\u010dius dokumentus. BALTIC INDUSTRIAL \u012fgyvendina Vartotojo teis\u0119 sustabdyti asmens duomen\u0173 tvarkym\u0105 (arba asmens duomenis sunaikinti) per 5 darbo dienas nuo Vartotojo pra\u0161ymo gavimo.  <\/li>\n<li>BALTIC INDUSTRIAL asmens duomenis saugo 5 (penkerius) metus nuo j\u0173 pateikimo, i\u0161skyrus atvejus, kai \u0161ioje Privatumo politikoje yra numatytas kitoks saugojimo terminas ir kai jie reikalingi duomen\u0173 tvarkymo tikslams, pvz. asmens duomenys yra naudojami u\u017etikrinti Preki\u0173 ir Paslaug\u0173 tiekim\u0105.<\/li>\n<li>Vartotojas ir\/ar Naudotojas i\u0161 anksto sutinka, kad jo duomenis BALTIC INDUSTRIAL turi teis\u0119 laikyti neterminuotai: jeigu jo duomenimis buvo pasinaudota, esant neteis\u0117tai veikai, tapatyb\u0117s vagystei ar kitam pa\u017eeidimui, d\u0117l kuri\u0173 buvo ar bus atliekamas atitinkam\u0173 teis\u0117saugos institucij\u0173 tyrimas; jeigu BALTIC INDUSTRIAL yra gav\u0119s skund\u0173, susijusi\u0173 su atitinkamu Vartotoju; jeigu BALTIC INDUSTRIAL yra pasteb\u0117jusi atitinkamo Vartotojo padarytus Privatumo politikos ir\/ar Svetain\u0117je esan\u010di\u0173 taisykli\u0173 pa\u017eeidimus; esant kitiems teis\u0117tiems tikslams saugoti asmens duomenis.<\/li>\n<li>\u012egyvendindamas auk\u0161\u010diau min\u0117tas teises, Vartotojas ir\/ar Naudotojas gali kreiptis \u012f BALTIC INDUSTRIAL el. pa\u0161tu welcome@balticindustrial.com.<\/li>\n<\/ul>\n<h2><strong>VIII. <strong>Asmens duomen\u0173 apsauga<\/strong><\/strong><\/h2>\n<p>BALTIC INDUSTRIAL u\u017etikrina, jog Vartotojo pateikiami asmens duomenys Svetain\u0117je b\u016bt\u0173 apsaugoti nuo bet koki\u0173 neteis\u0117t\u0173 veiksm\u0173: neteis\u0117to asmens duomen\u0173 pakeitimo, atskleidimo ar sunaikinimo, asmens tapatyb\u0117s vagyst\u0117s bei suk\u010diavimo. Taip pat u\u017etikrina, kad asmens duomen\u0173 apsaugos lygis atitinka nacionalinius ir Europos S\u0105jungos teis\u0117s akt\u0173 reikalavimus. <\/p>\n<p>Asmens duomenys yra saugomi nuo praradimo, neleistino naudojimo ir pakeitim\u0173. Patalpa, kurioje laikomi surinkti duomenys, yra fizi\u0161kai apsaugota nuo pa\u0161alini\u0173 asmen\u0173 prieigos. Svetain\u0117s Vartotoj\u0173 duomenis sauganti duomen\u0173 baz\u0117 yra apsaugota nuo neleistinos prieigos per kompiuterinius tinklus.  <\/p>\n<h2><strong>IX. <strong>Baigiamosios nuostatos<\/strong><\/strong><\/h2>\n<p>\u0160i Privatumo politika galioja nuo 2024 m. baland\u017eio 23 dienos. Apie bet kokius Privatumo politikos pasikeitimus Vartotojai bus informuoti Svetain\u0117je ir elektroniniu pa\u0161tu.  <\/p>\n<p>Paskutin\u012f kart\u0105 Privatumo politika per\u017ei\u016br\u0117ta 2024-04-23.<\/p>","protected":false},"excerpt":{"rendered":"<p>I. S\u0105vokos: Svetain\u0117 \u2013 \u201eBALTIC INDUSTRIAL\u201c bendrov\u0117s, teikian\u010dios technologi\u0161kai pa\u017eangius sprendimus pramoninei technikai, svetain\u0117, pasiekiama internetiniu adresu www.balticindustrial.com. BALTIC INDUSTRIAL: Lietuvoje: UAB \u201eBaltic industrial\u201c, juridinio asmens kodas 302576147, buvein\u0117s adresas \u2013 Moz\u016bri\u0161ki\u0173 g. 31-A4, 06298 Vilnius. Latvijoje: Baltic Industrial SIA, juridinio asmens kodas 40103570532, buvein\u0117s adresas &#8211; Smiltnieku iela 2, Marupe 2167. Estijoje: Baltic Industrial [&hellip;]<\/p>\n","protected":false},"author":1,"featured_media":0,"parent":0,"menu_order":0,"comment_status":"closed","ping_status":"open","template":"","meta":{"footnotes":""},"class_list":["post-4438","page","type-page","status-publish","hentry"],"yoast_head":"<!-- This site is optimized with the Yoast SEO plugin v27.3 - https:\/\/yoast.com\/product\/yoast-seo-wordpress\/ -->\n<title>Privatumo politika - Baltic Industrial<\/title>\n<meta name=\"robots\" content=\"index, follow, max-snippet:-1, max-image-preview:large, max-video-preview:-1\" \/>\n<link rel=\"canonical\" href=\"https:\/\/balticindustrial.com\/lt\/privatumo-politika\/\" \/>\n<meta property=\"og:locale\" content=\"lt_LT\" \/>\n<meta property=\"og:type\" content=\"article\" \/>\n<meta property=\"og:title\" content=\"Privatumo politika - Baltic Industrial\" \/>\n<meta property=\"og:description\" content=\"I. S\u0105vokos: Svetain\u0117 \u2013 \u201eBALTIC INDUSTRIAL\u201c bendrov\u0117s, teikian\u010dios technologi\u0161kai pa\u017eangius sprendimus pramoninei technikai, svetain\u0117, pasiekiama internetiniu adresu www.balticindustrial.com. BALTIC INDUSTRIAL: Lietuvoje: UAB \u201eBaltic industrial\u201c, juridinio asmens kodas 302576147, buvein\u0117s adresas \u2013 Moz\u016bri\u0161ki\u0173 g. 31-A4, 06298 Vilnius. Latvijoje: Baltic Industrial SIA, juridinio asmens kodas 40103570532, buvein\u0117s adresas &#8211; Smiltnieku iela 2, Marupe 2167. Estijoje: Baltic Industrial [&hellip;]\" \/>\n<meta property=\"og:url\" content=\"https:\/\/balticindustrial.com\/lt\/privatumo-politika\/\" \/>\n<meta property=\"og:site_name\" content=\"Baltic Industrial\" \/>\n<meta property=\"article:publisher\" content=\"https:\/\/www.facebook.com\/balticindustrial\" \/>\n<meta property=\"article:modified_time\" content=\"2024-06-13T10:06:43+00:00\" \/>\n<meta name=\"twitter:card\" content=\"summary_large_image\" \/>\n<meta name=\"twitter:label1\" content=\"Est. reading time\" \/>\n\t<meta name=\"twitter:data1\" content=\"9 minut\u0117s\" \/>\n<script type=\"application\/ld+json\" class=\"yoast-schema-graph\">{\"@context\":\"https:\\\/\\\/schema.org\",\"@graph\":[{\"@type\":\"WebPage\",\"@id\":\"https:\\\/\\\/balticindustrial.com\\\/lt\\\/privatumo-politika\\\/\",\"url\":\"https:\\\/\\\/balticindustrial.com\\\/lt\\\/privatumo-politika\\\/\",\"name\":\"Privatumo politika - Baltic Industrial\",\"isPartOf\":{\"@id\":\"https:\\\/\\\/balticindustrial.com\\\/#website\"},\"datePublished\":\"2023-11-20T12:43:31+00:00\",\"dateModified\":\"2024-06-13T10:06:43+00:00\",\"breadcrumb\":{\"@id\":\"https:\\\/\\\/balticindustrial.com\\\/lt\\\/privatumo-politika\\\/#breadcrumb\"},\"inLanguage\":\"lt-LT\",\"potentialAction\":[{\"@type\":\"ReadAction\",\"target\":[\"https:\\\/\\\/balticindustrial.com\\\/lt\\\/privatumo-politika\\\/\"]}]},{\"@type\":\"BreadcrumbList\",\"@id\":\"https:\\\/\\\/balticindustrial.com\\\/lt\\\/privatumo-politika\\\/#breadcrumb\",\"itemListElement\":[{\"@type\":\"ListItem\",\"position\":1,\"name\":\"Home\",\"item\":\"https:\\\/\\\/balticindustrial.com\\\/\"},{\"@type\":\"ListItem\",\"position\":2,\"name\":\"Privatumo politika\"}]},{\"@type\":\"WebSite\",\"@id\":\"https:\\\/\\\/balticindustrial.com\\\/#website\",\"url\":\"https:\\\/\\\/balticindustrial.com\\\/\",\"name\":\"Baltic Industrial\",\"description\":\"Tagame tuleviku\",\"publisher\":{\"@id\":\"https:\\\/\\\/balticindustrial.com\\\/#organization\"},\"potentialAction\":[{\"@type\":\"SearchAction\",\"target\":{\"@type\":\"EntryPoint\",\"urlTemplate\":\"https:\\\/\\\/balticindustrial.com\\\/?s={search_term_string}\"},\"query-input\":{\"@type\":\"PropertyValueSpecification\",\"valueRequired\":true,\"valueName\":\"search_term_string\"}}],\"inLanguage\":\"lt-LT\"},{\"@type\":\"Organization\",\"@id\":\"https:\\\/\\\/balticindustrial.com\\\/#organization\",\"name\":\"Baltic Industrial O\u00dc\",\"url\":\"https:\\\/\\\/balticindustrial.com\\\/\",\"logo\":{\"@type\":\"ImageObject\",\"inLanguage\":\"lt-LT\",\"@id\":\"https:\\\/\\\/balticindustrial.com\\\/#\\\/schema\\\/logo\\\/image\\\/\",\"url\":\"https:\\\/\\\/balticindustrial.com\\\/wp-content\\\/uploads\\\/2023\\\/11\\\/favicon.png\",\"contentUrl\":\"https:\\\/\\\/balticindustrial.com\\\/wp-content\\\/uploads\\\/2023\\\/11\\\/favicon.png\",\"width\":16,\"height\":16,\"caption\":\"Baltic Industrial O\u00dc\"},\"image\":{\"@id\":\"https:\\\/\\\/balticindustrial.com\\\/#\\\/schema\\\/logo\\\/image\\\/\"},\"sameAs\":[\"https:\\\/\\\/www.facebook.com\\\/balticindustrial\",\"https:\\\/\\\/www.instagram.com\\\/baltic_industrial\\\/\",\"https:\\\/\\\/ee.linkedin.com\\\/company\\\/baltic-industrial\"]}]}<\/script>\n<!-- \/ Yoast SEO plugin. -->","yoast_head_json":{"title":"Privatumo politika - Baltic Industrial","robots":{"index":"index","follow":"follow","max-snippet":"max-snippet:-1","max-image-preview":"max-image-preview:large","max-video-preview":"max-video-preview:-1"},"canonical":"https:\/\/balticindustrial.com\/lt\/privatumo-politika\/","og_locale":"lt_LT","og_type":"article","og_title":"Privatumo politika - Baltic Industrial","og_description":"I. S\u0105vokos: Svetain\u0117 \u2013 \u201eBALTIC INDUSTRIAL\u201c bendrov\u0117s, teikian\u010dios technologi\u0161kai pa\u017eangius sprendimus pramoninei technikai, svetain\u0117, pasiekiama internetiniu adresu www.balticindustrial.com. BALTIC INDUSTRIAL: Lietuvoje: UAB \u201eBaltic industrial\u201c, juridinio asmens kodas 302576147, buvein\u0117s adresas \u2013 Moz\u016bri\u0161ki\u0173 g. 31-A4, 06298 Vilnius. Latvijoje: Baltic Industrial SIA, juridinio asmens kodas 40103570532, buvein\u0117s adresas &#8211; Smiltnieku iela 2, Marupe 2167. Estijoje: Baltic Industrial [&hellip;]","og_url":"https:\/\/balticindustrial.com\/lt\/privatumo-politika\/","og_site_name":"Baltic Industrial","article_publisher":"https:\/\/www.facebook.com\/balticindustrial","article_modified_time":"2024-06-13T10:06:43+00:00","twitter_card":"summary_large_image","twitter_misc":{"Est. reading time":"9 minut\u0117s"},"schema":{"@context":"https:\/\/schema.org","@graph":[{"@type":"WebPage","@id":"https:\/\/balticindustrial.com\/lt\/privatumo-politika\/","url":"https:\/\/balticindustrial.com\/lt\/privatumo-politika\/","name":"Privatumo politika - Baltic Industrial","isPartOf":{"@id":"https:\/\/balticindustrial.com\/#website"},"datePublished":"2023-11-20T12:43:31+00:00","dateModified":"2024-06-13T10:06:43+00:00","breadcrumb":{"@id":"https:\/\/balticindustrial.com\/lt\/privatumo-politika\/#breadcrumb"},"inLanguage":"lt-LT","potentialAction":[{"@type":"ReadAction","target":["https:\/\/balticindustrial.com\/lt\/privatumo-politika\/"]}]},{"@type":"BreadcrumbList","@id":"https:\/\/balticindustrial.com\/lt\/privatumo-politika\/#breadcrumb","itemListElement":[{"@type":"ListItem","position":1,"name":"Home","item":"https:\/\/balticindustrial.com\/"},{"@type":"ListItem","position":2,"name":"Privatumo politika"}]},{"@type":"WebSite","@id":"https:\/\/balticindustrial.com\/#website","url":"https:\/\/balticindustrial.com\/","name":"Baltic Industrial","description":"Tagame tuleviku","publisher":{"@id":"https:\/\/balticindustrial.com\/#organization"},"potentialAction":[{"@type":"SearchAction","target":{"@type":"EntryPoint","urlTemplate":"https:\/\/balticindustrial.com\/?s={search_term_string}"},"query-input":{"@type":"PropertyValueSpecification","valueRequired":true,"valueName":"search_term_string"}}],"inLanguage":"lt-LT"},{"@type":"Organization","@id":"https:\/\/balticindustrial.com\/#organization","name":"Baltic Industrial O\u00dc","url":"https:\/\/balticindustrial.com\/","logo":{"@type":"ImageObject","inLanguage":"lt-LT","@id":"https:\/\/balticindustrial.com\/#\/schema\/logo\/image\/","url":"https:\/\/balticindustrial.com\/wp-content\/uploads\/2023\/11\/favicon.png","contentUrl":"https:\/\/balticindustrial.com\/wp-content\/uploads\/2023\/11\/favicon.png","width":16,"height":16,"caption":"Baltic Industrial O\u00dc"},"image":{"@id":"https:\/\/balticindustrial.com\/#\/schema\/logo\/image\/"},"sameAs":["https:\/\/www.facebook.com\/balticindustrial","https:\/\/www.instagram.com\/baltic_industrial\/","https:\/\/ee.linkedin.com\/company\/baltic-industrial"]}]}},"_links":{"self":[{"href":"https:\/\/balticindustrial.com\/lt\/wp-json\/wp\/v2\/pages\/4438","targetHints":{"allow":["GET"]}}],"collection":[{"href":"https:\/\/balticindustrial.com\/lt\/wp-json\/wp\/v2\/pages"}],"about":[{"href":"https:\/\/balticindustrial.com\/lt\/wp-json\/wp\/v2\/types\/page"}],"author":[{"embeddable":true,"href":"https:\/\/balticindustrial.com\/lt\/wp-json\/wp\/v2\/users\/1"}],"replies":[{"embeddable":true,"href":"https:\/\/balticindustrial.com\/lt\/wp-json\/wp\/v2\/comments?post=4438"}],"version-history":[{"count":11,"href":"https:\/\/balticindustrial.com\/lt\/wp-json\/wp\/v2\/pages\/4438\/revisions"}],"predecessor-version":[{"id":5157,"href":"https:\/\/balticindustrial.com\/lt\/wp-json\/wp\/v2\/pages\/4438\/revisions\/5157"}],"wp:attachment":[{"href":"https:\/\/balticindustrial.com\/lt\/wp-json\/wp\/v2\/media?parent=4438"}],"curies":[{"name":"wp","href":"https:\/\/api.w.org\/{rel}","templated":true}]}}